{"id":7,"date":"2013-08-15T11:47:07","date_gmt":"2013-08-15T14:47:07","guid":{"rendered":"http:\/\/www.rijopallets.com\/site\/?page_id=7"},"modified":"2022-11-29T18:23:35","modified_gmt":"2022-11-29T21:23:35","slug":"servicios","status":"publish","type":"page","link":"http:\/\/www.rijopallets.com\/site\/servicios\/","title":{"rendered":"Servicios"},"content":{"rendered":"<p>[et_pb_section fb_built=&#8221;1&#8243; admin_label=&#8221;section&#8221; _builder_version=&#8221;3.22&#8243; global_colors_info=&#8221;{}&#8221;][et_pb_row admin_label=&#8221;row&#8221; module_class=&#8221; et_pb_row_fullwidth&#8221; _builder_version=&#8221;3.25&#8243; background_size=&#8221;initial&#8221; background_position=&#8221;top_left&#8221; background_repeat=&#8221;repeat&#8221; width=&#8221;94%&#8221; width_tablet=&#8221;80%&#8221; width_last_edited=&#8221;on|desktop&#8221; max_width=&#8221;94%&#8221; max_width_tablet=&#8221;80%&#8221; max_width_last_edited=&#8221;on|desktop&#8221; hover_enabled=&#8221;0&#8243; make_fullwidth=&#8221;on&#8221; use_custom_width=&#8221;off&#8221; width_unit=&#8221;on&#8221; global_colors_info=&#8221;{}&#8221; sticky_enabled=&#8221;0&#8243; width_phone=&#8221;80%&#8221; max_width_phone=&#8221;80%&#8221;][et_pb_column type=&#8221;4_4&#8243; _builder_version=&#8221;3.25&#8243; custom_padding=&#8221;|||&#8221; global_colors_info=&#8221;{}&#8221; custom_padding__hover=&#8221;|||&#8221;][et_pb_post_title meta=&#8221;off&#8221; featured_image=&#8221;off&#8221; admin_label=&#8221;T\u00edtulo de publicaci\u00f3n&#8221; _builder_version=&#8221;3.0.87&#8243; title_font=&#8221;|on|||&#8221; title_font_size=&#8221;36px&#8221; parallax_effect=&#8221;off&#8221; use_border_color=&#8221;off&#8221; border_color=&#8221;#ffffff&#8221; border_style=&#8221;solid&#8221; global_colors_info=&#8221;{}&#8221;][\/et_pb_post_title][\/et_pb_column][\/et_pb_row][et_pb_row _builder_version=&#8221;4.14.7&#8243; _module_preset=&#8221;default&#8221;][et_pb_column _builder_version=&#8221;4.14.7&#8243; _module_preset=&#8221;default&#8221; type=&#8221;4_4&#8243;][et_pb_text _builder_version=&#8221;4.14.7&#8243; _module_preset=&#8221;default&#8221; border_radii=&#8221;on|10px|10px|10px|10px&#8221; border_width_all=&#8221;1px&#8221; box_shadow_style=&#8221;preset3&#8243; custom_padding=&#8221;20px|20px|20px|20px|false|false&#8221; text_font_size=&#8221;28px&#8221; hover_enabled=&#8221;0&#8243; sticky_enabled=&#8221;0&#8243;]<\/p>\n<p>Servicio integral<\/p>\n<p>[\/et_pb_text][\/et_pb_column][\/et_pb_row][et_pb_row _builder_version=&#8221;4.14.7&#8243; _module_preset=&#8221;default&#8221;][et_pb_column _builder_version=&#8221;4.14.7&#8243; _module_preset=&#8221;default&#8221; type=&#8221;4_4&#8243;][et_pb_text _builder_version=&#8221;4.14.7&#8243; _module_preset=&#8221;default&#8221; hover_enabled=&#8221;0&#8243; sticky_enabled=&#8221;0&#8243;]<\/p>\n<p>De embalajes para todos los sectores de la industria y de servicios, cualquier tipo de refuerzo, soporte o elemento construido en madera y contrachapado que necesite el cliente.<\/p>\n<p>[\/et_pb_text][et_pb_text _builder_version=&#8221;4.14.7&#8243; _module_preset=&#8221;default&#8221; border_radii=&#8221;on|10px|10px|10px|10px&#8221; border_width_all=&#8221;1px&#8221; box_shadow_style=&#8221;preset3&#8243; custom_padding=&#8221;20px|20px|20px|20px|false|false&#8221; text_font_size=&#8221;28px&#8221; hover_enabled=&#8221;0&#8243; sticky_enabled=&#8221;0&#8243;]<\/p>\n<p>Embalajes<\/p>\n<p>[\/et_pb_text][et_pb_text _builder_version=&#8221;4.14.7&#8243; _module_preset=&#8221;default&#8221; hover_enabled=&#8221;0&#8243; sticky_enabled=&#8221;0&#8243;]<\/p>\n<p>Pallets y cajones est\u00e1ndar y para expedici\u00f3n de mercader\u00edas especiales, construidos a medida seg\u00fan la forma del objeto que desea transportar (motos, motores, maquinas, calderas calefacci\u00f3n, calderas gas, piezas grandes de recambio, etc.).<\/p>\n<p>[\/et_pb_text][et_pb_text _builder_version=&#8221;4.14.7&#8243; _module_preset=&#8221;default&#8221; border_radii=&#8221;on|10px|10px|10px|10px&#8221; border_width_all=&#8221;1px&#8221; box_shadow_style=&#8221;preset3&#8243; custom_padding=&#8221;20px|20px|20px|20px|false|false&#8221; text_font_size=&#8221;28px&#8221; hover_enabled=&#8221;0&#8243; sticky_enabled=&#8221;0&#8243;]<\/p>\n<p>Fabricaci\u00f3n<\/p>\n<p>[\/et_pb_text][et_pb_text _builder_version=&#8221;4.14.7&#8243; _module_preset=&#8221;default&#8221; hover_enabled=&#8221;0&#8243; sticky_enabled=&#8221;0&#8243;]<\/p>\n<p>Pallets, cajones , jaulas y todo tipo de envases de madera seg\u00fan las necesidades de nuestros clientes, con maderas de primera calidad, y si es para exportaci\u00f3n con certificado de Tratamiento Fitosanitario seg\u00fan norma NIMF-15.<\/p>\n<p>Realizamos el tratamiento t\u00e9rmico (norma Nimf15), en nuestras propias instalaciones, lo que significa un importante ahorro de costos y de tiempos.<\/p>\n<p>[\/et_pb_text][\/et_pb_column][\/et_pb_row][et_pb_row _builder_version=&#8221;4.14.7&#8243; _module_preset=&#8221;default&#8221;][et_pb_column _builder_version=&#8221;4.14.7&#8243; _module_preset=&#8221;default&#8221; type=&#8221;4_4&#8243;][et_pb_divider _builder_version=&#8221;4.14.7&#8243; _module_preset=&#8221;default&#8221; hover_enabled=&#8221;0&#8243; sticky_enabled=&#8221;0&#8243;][\/et_pb_divider][\/et_pb_column][\/et_pb_row][et_pb_row _builder_version=&#8221;4.14.7&#8243; _module_preset=&#8221;default&#8221; column_structure=&#8221;1_2,1_2&#8243;][et_pb_column _builder_version=&#8221;4.14.7&#8243; _module_preset=&#8221;default&#8221; type=&#8221;1_2&#8243;][et_pb_text _builder_version=&#8221;4.14.7&#8243; _module_preset=&#8221;default&#8221; hover_enabled=&#8221;0&#8243; sticky_enabled=&#8221;0&#8243;]<\/p>\n<p>Tambi\u00e9n le ofrecemos la posibilidad de acondicionar sus productos en nuestros envases, tanto en su empresa como en la nuestra, dependiendo de las necesidades puntuales en cada caso de env\u00edo.<\/p>\n<p>Disponemos de una gran superficie techada para mantenerles a nuestros clientes un importante stock de pallets y cajones, logrando as\u00ed una entrega inmediata de acuerdo a las necesidades particulares de cada cliente.<\/p>\n<p>Comun\u00edquenos que es lo que desea transportar, tipo de producto, medidas, peso, y cualquier otro dato que considere de inter\u00e9s, que inmediatamente se lo estaremos dise\u00f1ando y envi\u00e1ndole una propuesta de costo del mismo.<\/p>\n<p>Nuestros productos est\u00e1n sometidos a un esmerado control de calidad, que hace que sean apreciados y demandados por los clientes m\u00e1s exigentes.<\/p>\n<p>[\/et_pb_text][\/et_pb_column][et_pb_column _builder_version=&#8221;4.14.7&#8243; _module_preset=&#8221;default&#8221; type=&#8221;1_2&#8243;][et_pb_image src=&#8221;http:\/\/www.rijopallets.com\/site\/wp-content\/uploads\/2022\/11\/0215454548515454.jpg&#8221; _builder_version=&#8221;4.14.7&#8243; _module_preset=&#8221;default&#8221; title_text=&#8221;0215454548515454&#8243; hover_enabled=&#8221;0&#8243; sticky_enabled=&#8221;0&#8243;][\/et_pb_image][\/et_pb_column][\/et_pb_row][\/et_pb_section]<\/p>\n","protected":false},"excerpt":{"rendered":"<p>Servicio integralDe embalajes para todos los sectores de la industria y de servicios, cualquier tipo de refuerzo, soporte o elemento construido en madera y contrachapado que necesite el cliente.EmbalajesPallets y cajones est\u00e1ndar y para expedici\u00f3n de mercader\u00edas especiales, construidos a medida seg\u00fan la forma del objeto que desea transportar (motos, motores, maquinas, calderas calefacci\u00f3n, calderas [&hellip;]<\/p>\n","protected":false},"author":1,"featured_media":0,"parent":0,"menu_order":2,"comment_status":"closed","ping_status":"closed","template":"","meta":{"_et_pb_use_builder":"on","_et_pb_old_content":"","_et_gb_content_width":"","footnotes":""},"class_list":["post-7","page","type-page","status-publish","hentry"],"_links":{"self":[{"href":"http:\/\/www.rijopallets.com\/site\/wp-json\/wp\/v2\/pages\/7"}],"collection":[{"href":"http:\/\/www.rijopallets.com\/site\/wp-json\/wp\/v2\/pages"}],"about":[{"href":"http:\/\/www.rijopallets.com\/site\/wp-json\/wp\/v2\/types\/page"}],"author":[{"embeddable":true,"href":"http:\/\/www.rijopallets.com\/site\/wp-json\/wp\/v2\/users\/1"}],"replies":[{"embeddable":true,"href":"http:\/\/www.rijopallets.com\/site\/wp-json\/wp\/v2\/comments?post=7"}],"version-history":[{"count":19,"href":"http:\/\/www.rijopallets.com\/site\/wp-json\/wp\/v2\/pages\/7\/revisions"}],"predecessor-version":[{"id":353,"href":"http:\/\/www.rijopallets.com\/site\/wp-json\/wp\/v2\/pages\/7\/revisions\/353"}],"wp:attachment":[{"href":"http:\/\/www.rijopallets.com\/site\/wp-json\/wp\/v2\/media?parent=7"}],"curies":[{"name":"wp","href":"https:\/\/api.w.org\/{rel}","templated":true}]}}